{"id":2443,"date":"2019-05-06T15:21:36","date_gmt":"2019-05-06T15:21:36","guid":{"rendered":"http:\/\/xn--restauranteespaa-lub.es\/?page_id=2443"},"modified":"2019-07-07T17:51:43","modified_gmt":"2019-07-07T16:51:43","slug":"privacidad","status":"publish","type":"page","link":"https:\/\/xn--restauranteespaa-lub.es\/?page_id=2443","title":{"rendered":"Privacidad"},"content":{"rendered":"\n<p>Pol\u00edtica de privacidad para p\u00e1gina web:<br>\nAviso legal: Identidad, finalidad y ejercicio de derechos.<br>\nEn cumplimiento de lo establecido en el art\u00edculo 10 de la Ley 34\/2002, de 11 de julio, de Servicios de la Sociedad de la Informaci\u00f3n y de Comercio Electr\u00f3nico (LSSI-CE), se informa que este sitio web es propiedad de BERNABEU Y MELO, S.L. con CIFB99013518<br>\nEl sitio web oficial de nuestra empresa tiene como finalidad gestionar la relaci\u00f3n con nuestros clientes y proveedores, incluy\u00e9ndose tambi\u00e9n la gesti\u00f3n comercial de la empresa, es decir, la posibilidad de enviar comunicaciones comerciales o avisos para la realizaci\u00f3n de actividades promocionales.<br>\nEl uso y la utilizaci\u00f3n de este sitio web por parte de los usuarios que accedan al mismo, ya sean clientes, proveedores o potenciales clientes implica que se aceptan totalmente y de forma expresa todas las condiciones que se exponen en este documento. En caso de existir alguna particularidad concreta se explicar\u00eda en su apartado correspondiente.<br>\nLa empresa BERNABEU Y MELO, S.L. puede realizar las modificaciones o cambios oportunos en este sitio sin necesidad de previo aviso. Ello ata\u00f1e a las posibles actualizaciones del sitio tanto en contenido como en dise\u00f1o e implica que tambi\u00e9n se podr\u00e1n realizar actuaciones de mantenimiento de la informaci\u00f3n contenida con la finalidad de mantenerla debidamente actualizada.<br>\nBERNABEU Y MELO, S.L. garantiza el cumplimiento de la normativa vigente en materia de protecci\u00f3n de datos personales, y por ello informa que nuestra actividad se rige por el Reglamento General de Protecci\u00f3n de Datos (RGPD), Reglamento (UE) 2016\/679 del Parlamento y del Consejo, de 27 de abril de 2016, relativo a la protecci\u00f3n de las personas f\u00edsicas en lo que respecta al tratamiento de datos personales y a la libre circulaci\u00f3n de estos datos (publicado el 4 de mayo de 2016), y la normativa nacional que sea de aplicaci\u00f3n, principalmente la Ley Org\u00e1nica 3\/2018, de 5 de diciembre, de Protecci\u00f3n de Datos Personales y garant\u00eda de los derechos digitales (BOE de 6 de diciembre de 2018).<br>\nEl Reglamento General de Protecci\u00f3n de datos (RGPD) 2016\/679 de la UE, complementado por la Ley Org\u00e1nica 3\/2018, ofrece a los usuarios la posibilidad de ejercer una serie de derechos relacionados con el tratamiento de sus datos personales.<br>\nEn relaci\u00f3n a los datos del usuario que son tratados por parte de BERNABEU Y MELO, S.L., se podr\u00e1n ejercer de forma gratuita los derechos de acceso, rectificaci\u00f3n, limitaci\u00f3n del tratamiento, oposici\u00f3n, portabilidad de los datos y derecho de supresi\u00f3n, siempre de acuerdo con lo previsto en la normativa legal vigente relacionada anteriormente en materia de protecci\u00f3n de datos personales.<br>\nPara hacer uso del ejercicio de estos derechos, el usuario deber\u00e1 dirigirse mediante escrito y aportando documentaci\u00f3n para acreditar la identidad (DNI o pasaporte), a la siguiente direcci\u00f3n:<br>\nEmpresa BERNABEU Y MELO, S.L.<br>\nCalle: PLAZA ESPA\u00d1A, GARRAPINILLOS, 4. 50190 ZARAGOZA. ZARAGOZA..<br>\nEste escrito debe contener nombre y apellidos del interesado o usuario, la petici\u00f3n de solicitud, el domicilio y las acreditaciones de identidad correspondientes. El ejercicio de derechos deber\u00e1 ser realizado por el propio usuario aunque tambi\u00e9n podr\u00e1n ser ejercidos por una persona autorizada como representante legal del autorizado. En tal caso, se deber\u00e1 aportar la documentaci\u00f3n que acredite esta representaci\u00f3n del interesado<\/p>\n","protected":false},"excerpt":{"rendered":"<p>Pol\u00edtica de privacidad para p\u00e1gina web: Aviso legal: Identidad, finalidad y ejercicio de derechos. En cumplimiento de lo establecido en el art\u00edculo 10 de la Ley 34\/2002, de 11 de julio, de Servicios de la Sociedad de la Informaci\u00f3n y de Comercio Electr\u00f3nico (LSSI-CE), se informa que este sitio web es propiedad de BERNABEU Y<br \/><a class=\"moretag\" href=\"https:\/\/xn--restauranteespaa-lub.es\/?page_id=2443\">+ M\u00e1s informaci\u00f3n<\/a><\/p>\n","protected":false},"author":2,"featured_media":0,"parent":0,"menu_order":0,"comment_status":"closed","ping_status":"closed","template":"template_parts\/page-fullwidth_template.php","meta":{"footnotes":""},"class_list":["post-2443","page","type-page","status-publish","hentry"],"_links":{"self":[{"href":"https:\/\/xn--restauranteespaa-lub.es\/index.php?rest_route=\/wp\/v2\/pages\/2443","targetHints":{"allow":["GET"]}}],"collection":[{"href":"https:\/\/xn--restauranteespaa-lub.es\/index.php?rest_route=\/wp\/v2\/pages"}],"about":[{"href":"https:\/\/xn--restauranteespaa-lub.es\/index.php?rest_route=\/wp\/v2\/types\/page"}],"author":[{"embeddable":true,"href":"https:\/\/xn--restauranteespaa-lub.es\/index.php?rest_route=\/wp\/v2\/users\/2"}],"replies":[{"embeddable":true,"href":"https:\/\/xn--restauranteespaa-lub.es\/index.php?rest_route=%2Fwp%2Fv2%2Fcomments&post=2443"}],"version-history":[{"count":1,"href":"https:\/\/xn--restauranteespaa-lub.es\/index.php?rest_route=\/wp\/v2\/pages\/2443\/revisions"}],"predecessor-version":[{"id":2444,"href":"https:\/\/xn--restauranteespaa-lub.es\/index.php?rest_route=\/wp\/v2\/pages\/2443\/revisions\/2444"}],"wp:attachment":[{"href":"https:\/\/xn--restauranteespaa-lub.es\/index.php?rest_route=%2Fwp%2Fv2%2Fmedia&parent=2443"}],"curies":[{"name":"wp","href":"https:\/\/api.w.org\/{rel}","templated":true}]}}