{"id":21,"date":"2018-02-13T19:12:14","date_gmt":"2018-02-13T19:12:14","guid":{"rendered":"http:\/\/xn--restauranteespaa-lub.es\/?page_id=21"},"modified":"2018-03-07T20:06:53","modified_gmt":"2018-03-07T20:06:53","slug":"eventos","status":"publish","type":"page","link":"https:\/\/xn--restauranteespaa-lub.es\/?page_id=21","title":{"rendered":"Eventos"},"content":{"rendered":"<p>&nbsp;<\/p>\n<table width=\"100%\" cellspacing=\"0\" cellpadding=\"0\" align=\"center\">\n<tbody>\n<tr>\n<td colspan=\"2\"><span style=\"color: #000000;\">En el restaurante Espa\u00f1a disponemos del espacio ideal para eventos, en un ambiente privado y adecuado a cada acontecimiento:<\/span><\/td>\n<\/tr>\n<tr>\n<td style=\"padding-left: 30px;\"><span style=\"color: #000000;\">&#8211; Empresarial<\/span><\/td>\n<td rowspan=\"5\"><img loading=\"lazy\" decoding=\"async\" class=\"size-medium wp-image-15 aligncenter\" src=\"http:\/\/xn--restauranteespaa-lub.es\/wp-content\/uploads\/2018\/02\/logo-300x212.png\" alt=\"\" width=\"300\" height=\"212\" \/><\/td>\n<\/tr>\n<tr>\n<td style=\"padding-left: 30px;\"><span style=\"color: #000000;\">&#8211; Familiar<\/span><\/td>\n<\/tr>\n<tr>\n<td style=\"padding-left: 30px;\"><span style=\"color: #000000;\">&#8211; Comidas coloquios<\/span><\/td>\n<\/tr>\n<tr>\n<td style=\"padding-left: 30px;\"><span style=\"color: #000000;\">&#8211; Comuniones<\/span><\/td>\n<\/tr>\n<tr>\n<td style=\"padding-left: 30px;\"><span style=\"color: #000000;\">&#8211; Banquetes<\/span><\/td>\n<\/tr>\n<tr>\n<td colspan=\"2\"><span style=\"color: #000000;\">Para m\u00e1s informaci\u00f3n, contacte con nosotros a trav\u00e9s del formulario de contacto o llamando al tel\u00e9fono 976780 768.<\/span><\/td>\n<\/tr>\n<\/tbody>\n<\/table>\n","protected":false},"excerpt":{"rendered":"<p>&nbsp; En el restaurante Espa\u00f1a disponemos del espacio ideal para eventos, en un ambiente privado y adecuado a cada acontecimiento: &#8211; Empresarial &#8211; Familiar &#8211; Comidas coloquios &#8211; Comuniones &#8211; Banquetes Para m\u00e1s informaci\u00f3n, contacte con nosotros a trav\u00e9s del formulario de contacto o llamando al tel\u00e9fono 976780 768.<\/p>\n","protected":false},"author":2,"featured_media":0,"parent":0,"menu_order":0,"comment_status":"closed","ping_status":"closed","template":"template_parts\/page-fullwidth_template.php","meta":{"footnotes":""},"class_list":["post-21","page","type-page","status-publish","hentry"],"_links":{"self":[{"href":"https:\/\/xn--restauranteespaa-lub.es\/index.php?rest_route=\/wp\/v2\/pages\/21","targetHints":{"allow":["GET"]}}],"collection":[{"href":"https:\/\/xn--restauranteespaa-lub.es\/index.php?rest_route=\/wp\/v2\/pages"}],"about":[{"href":"https:\/\/xn--restauranteespaa-lub.es\/index.php?rest_route=\/wp\/v2\/types\/page"}],"author":[{"embeddable":true,"href":"https:\/\/xn--restauranteespaa-lub.es\/index.php?rest_route=\/wp\/v2\/users\/2"}],"replies":[{"embeddable":true,"href":"https:\/\/xn--restauranteespaa-lub.es\/index.php?rest_route=%2Fwp%2Fv2%2Fcomments&post=21"}],"version-history":[{"count":28,"href":"https:\/\/xn--restauranteespaa-lub.es\/index.php?rest_route=\/wp\/v2\/pages\/21\/revisions"}],"predecessor-version":[{"id":2400,"href":"https:\/\/xn--restauranteespaa-lub.es\/index.php?rest_route=\/wp\/v2\/pages\/21\/revisions\/2400"}],"wp:attachment":[{"href":"https:\/\/xn--restauranteespaa-lub.es\/index.php?rest_route=%2Fwp%2Fv2%2Fmedia&parent=21"}],"curies":[{"name":"wp","href":"https:\/\/api.w.org\/{rel}","templated":true}]}}